{"id":5,"date":"2022-05-06T13:47:50","date_gmt":"2022-05-06T13:47:50","guid":{"rendered":"https:\/\/invest-import.rs\/?page_id=5"},"modified":"2022-05-09T09:34:10","modified_gmt":"2022-05-09T09:34:10","slug":"upoznajte-nas","status":"publish","type":"page","link":"https:\/\/invest-import.rs\/","title":{"rendered":"Upoznajte nas"},"content":{"rendered":"<p><img loading=\"lazy\" decoding=\"async\" class=\"size-medium wp-image-89 alignleft\" src=\"https:\/\/invest-import.rs\/wp-content\/uploads\/2022\/05\/investbanner1-214x300.jpg\" alt=\"\" width=\"214\" height=\"300\" srcset=\"https:\/\/invest-import.rs\/wp-content\/uploads\/2022\/05\/investbanner1-214x300.jpg 214w, https:\/\/invest-import.rs\/wp-content\/uploads\/2022\/05\/investbanner1-730x1024.jpg 730w, https:\/\/invest-import.rs\/wp-content\/uploads\/2022\/05\/investbanner1-768x1078.jpg 768w, https:\/\/invest-import.rs\/wp-content\/uploads\/2022\/05\/investbanner1.jpg 835w\" sizes=\"auto, (max-width: 214px) 100vw, 214px\" \/><\/p>\n<p class=\"p1\">Invest \u2013 Import a.d. je osnovan 1950. godine prvenstveno kao uvoznik kapitalne opreme i<span class=\"Apple-converted-space\">\u00a0 <\/span>tehnologije, u cilju industrijalizacija zemlje. Vremenom je, od uvozno orijentisane kompanije, Invest-Import a.d. svoje aktivnosti pro\u0161irio na izvoz gotovih proizvoda iz oblasti: ma\u0161inske i elektroindustrije, hemijske industrije, ko\u017earske i tekstilne industrije. Kompanija je puno ulagala u razvijanje dugogodi\u0161nje kooperacije sa doma\u0107im firmama, \u0161to je rezultiralo izvozom kablova, putni\u010dkih i teretnih vagona, traktora, ma\u0161inskih alata, opreme za ko\u017earsku industriju, telekomunikacionih sistema, opreme za gradjevinsku industriju, opreme za dalekovode. Pored toga, od sedamdesetih godina pro\u0161log veka kompanija je po\u010dela i sa izvodjenjem investicionih radova iz oblasti telekomunikacija, industrijskih objekata, prenosa i distribucije elektri\u010dne energije.<span class=\"Apple-converted-space\">\u00a0 <\/span>Nakon vi\u0161e od \u0161ezdeset godina postojanja, Invest-Import<span class=\"Apple-converted-space\">\u00a0 <\/span>a.d. se specijalizovao za delatnosti usmerene na uvoz i izvoz gotovih proizvoda i opreme, transfer tehnologije, izgradnju kompletnih industrijskih postrojenja i ostalih projekata na bazi \u201eklju\u010d u ruke\u201c.<\/p>\n<p class=\"p1\">Zaposleni u kompaniji Invest-Import a.d. su projektovali i realizovali vi\u0161e stotina industrijskih projekata u svetu, od kojih navodimo samo neke:<\/p>\n<p class=\"p1\">Rudnici bakra i zlata u Mjanmaru (Burmi).<\/p>\n<p class=\"p1\">Dalekovodi u Mjanmaru (Burmi).<\/p>\n<p class=\"p1\">Telefonske mre\u017ee u Iraku, Libanu, Ujedinjenim Arapskim Emiratima, Pakistanu.<\/p>\n<p class=\"p1\">Radio stanice u Libiji, Al\u017eiru, Pakistanu, Maroku, Siriji.<\/p>\n<p class=\"p1\">Telefonske centrale u Libanu.<\/p>\n<p class=\"p1\">Luke u Mjanmaru (Burmi) i Indoneziji.<\/p>\n<p class=\"p1\">Fabrike hrane i lake industrije u Egiptu, Pakistanu, Sovjetskom Savezu.<\/p>\n<p class=\"p1\">Fabrike ko\u017ee u Sovjetskom Savezu, Sudanu, Somaliji, Al\u017eiru, Indiji.<\/p>\n<p class=\"p1\">Fabrike gradjevinskog materijala u Sovjetskom Savezu, Italiji, Egiptu, Kubi, Angoli.<\/p>\n<p class=\"p1\">Poslovi za koje je Invest-Import a.d. registrovan se odvijaju na takav na\u010din da dokazuju posve\u0107enost u pru\u017eanju \u0161to kvalitetnijih usluga koje su u funkciji zadovoljenja zahteva i o\u010dekivanja poslovnih partnera, \u0161to je postalo deo tradicije kompanije.<\/p>\n<p class=\"p1\">Aktivnosti na uvo\u0111enju sistema QMS datiraju od devedesetih godina pro\u0161log veka, a prvi sertifikat dobijen je avgusta 2000. godine<span class=\"Apple-converted-space\">\u00a0 <\/span>koji je izdao RW TUV Systems GmbH.<\/p>\n","protected":false},"excerpt":{"rendered":"<p>Invest \u2013 Import a.d. je osnovan 1950. godine prvenstveno kao uvoznik kapitalne opreme i\u00a0 tehnologije, u cilju industrijalizacija zemlje. Vremenom je, od uvozno orijentisane kompanije, Invest-Import a.d. svoje aktivnosti pro\u0161irio na izvoz gotovih proizvoda iz oblasti: ma\u0161inske i elektroindustrije, hemijske industrije, ko\u017earske i tekstilne industrije. Kompanija je puno ulagala u razvijanje dugogodi\u0161nje kooperacije sa doma\u0107im [&hellip;]<\/p>\n","protected":false},"author":1,"featured_media":0,"parent":0,"menu_order":0,"comment_status":"closed","ping_status":"closed","template":"","meta":{"footnotes":""},"class_list":["post-5","page","type-page","status-publish","hentry","post"],"_links":{"self":[{"href":"https:\/\/invest-import.rs\/index.php\/wp-json\/wp\/v2\/pages\/5","targetHints":{"allow":["GET"]}}],"collection":[{"href":"https:\/\/invest-import.rs\/index.php\/wp-json\/wp\/v2\/pages"}],"about":[{"href":"https:\/\/invest-import.rs\/index.php\/wp-json\/wp\/v2\/types\/page"}],"author":[{"embeddable":true,"href":"https:\/\/invest-import.rs\/index.php\/wp-json\/wp\/v2\/users\/1"}],"replies":[{"embeddable":true,"href":"https:\/\/invest-import.rs\/index.php\/wp-json\/wp\/v2\/comments?post=5"}],"version-history":[{"count":5,"href":"https:\/\/invest-import.rs\/index.php\/wp-json\/wp\/v2\/pages\/5\/revisions"}],"predecessor-version":[{"id":90,"href":"https:\/\/invest-import.rs\/index.php\/wp-json\/wp\/v2\/pages\/5\/revisions\/90"}],"wp:attachment":[{"href":"https:\/\/invest-import.rs\/index.php\/wp-json\/wp\/v2\/media?parent=5"}],"curies":[{"name":"wp","href":"https:\/\/api.w.org\/{rel}","templated":true}]}}